{"id":700,"date":"2022-05-05T09:38:04","date_gmt":"2022-05-05T07:38:04","guid":{"rendered":"http:\/\/127.0.0.1:8080\/leistungen\/bancos-evidence\/"},"modified":"2026-01-21T10:15:11","modified_gmt":"2026-01-21T08:15:11","slug":"bancos-evidence","status":"publish","type":"page","link":"https:\/\/bancostest.advanced-web.dev\/en\/services\/bancos-evidence\/","title":{"rendered":"BANCOS. Evidence"},"content":{"rendered":"<p><strong>Dies ist ein Typoblindtext. An ihm kann man sehen, ob alle Buchstaben da sind und wie sie aussehen. Manchmal benutzt man Worte wie Hamburgefonts, Rafgenduks oder Handgloves, um Schriften zu testen. Manchmal S\u00e4tze, die alle Buchstaben des Alphabets enthalten &#8211; man nennt diese S\u00e4tze \u00bbPangrams\u00ab.<\/strong><\/p>\n<p>Sehr bekannt ist dieser: The quick brown fox jumps over the lazy old dog. Oft werden in Typoblindtexte auch fremdsprachige Satzteile eingebaut (AVAIL\u00ae and Wefox\u2122 are testing aussi la Kerning), um die Wirkung in anderen Sprachen zu testen. In Lateinisch sieht zum Beispiel fast jede Schrift gut aus. Quod erat demonstrandum. Seit 1975 fehlen in den meisten Testtexten die Zahlen, weswegen nach TypoGb. 204 \u00a7 ab dem Jahr 2034 Zahlen in 86 der Texte zur Pflicht werden. Nichteinhaltung wird mit bis zu 245 \u20ac oder 368 $ bestraft. Genauso wichtig in sind mittlerweile auch \u00c2\u00e7c\u00e8\u00f1t\u00eb, die in neueren Schriften aber fast immer enthalten sind. Ein wichtiges aber schwierig zu integrierendes Feld sind OpenType-Funktionalit\u00e4ten. Je nach Software und Voreinstellungen k\u00f6nnen eingebaute Kapit\u00e4lchen, Kerning oder Ligaturen (sehr pfiffig) nicht richtig dargestellt werden.Dies ist ein Typoblindtext. An ihm kann man sehen, ob alle Buchstaben da sind und wie sie aussehen.<\/p>\n","protected":false},"excerpt":{"rendered":"<p>Dies ist ein Typoblindtext. An ihm kann man sehen, ob alle Buchstaben da sind und wie sie aussehen. Manchmal benutzt man Worte wie Hamburgefonts, Rafgenduks oder Handgloves, um Schriften zu testen. Manchmal S\u00e4tze, die alle Buchstaben des Alphabets enthalten &#8211; man nennt diese S\u00e4tze \u00bbPangrams\u00ab. Sehr bekannt ist dieser: The quick brown fox jumps over [&hellip;]<\/p>\n","protected":false},"author":3,"featured_media":0,"parent":698,"menu_order":0,"comment_status":"closed","ping_status":"closed","template":"single-service-page.php","meta":{"_acf_changed":false,"footnotes":""},"class_list":["post-700","page","type-page","status-publish","hentry"],"acf":[],"yoast_head":"<!-- This site is optimized with the Yoast SEO Premium plugin v26.4 (Yoast SEO v27.2) - https:\/\/yoast.com\/product\/yoast-seo-premium-wordpress\/ -->\n<title>The account records center in partnership with T-Systems<\/title>\n<meta name=\"description\" content=\"BANCOS Evidence is the account records center in partnership with T-Systems: turnkey, secure and cost-effective.\" \/>\n<meta name=\"robots\" content=\"noindex, follow, max-snippet:-1, max-image-preview:large, max-video-preview:-1\" \/>\n<meta property=\"og:locale\" content=\"en_US\" \/>\n<meta property=\"og:type\" content=\"article\" \/>\n<meta property=\"og:title\" content=\"BANCOS. Evidence\" \/>\n<meta property=\"og:description\" content=\"BANCOS Evidence is the account records center in partnership with T-Systems: turnkey, secure and cost-effective.\" \/>\n<meta property=\"og:url\" content=\"https:\/\/bancostest.advanced-web.dev\/en\/services\/bancos-evidence\/\" \/>\n<meta property=\"og:site_name\" content=\"BANCOS Stage\" \/>\n<meta property=\"article:modified_time\" content=\"2026-01-21T08:15:11+00:00\" \/>\n<meta property=\"og:image\" content=\"https:\/\/bancostest.advanced-web.dev\/wp-content\/uploads\/2025\/05\/blog-bancos-image.png\" \/>\n\t<meta property=\"og:image:width\" content=\"1272\" \/>\n\t<meta property=\"og:image:height\" content=\"1229\" \/>\n\t<meta property=\"og:image:type\" content=\"image\/png\" \/>\n<meta name=\"twitter:card\" content=\"summary_large_image\" \/>\n<meta name=\"twitter:label1\" content=\"Est. reading time\" \/>\n\t<meta name=\"twitter:data1\" content=\"2 minutes\" \/>\n<script type=\"application\/ld+json\" class=\"yoast-schema-graph\">{\"@context\":\"https:\/\/schema.org\",\"@graph\":[{\"@type\":\"WebPage\",\"@id\":\"https:\/\/bancostest.advanced-web.dev\/en\/services\/bancos-evidence\/\",\"url\":\"https:\/\/bancostest.advanced-web.dev\/en\/services\/bancos-evidence\/\",\"name\":\"The account records center in partnership with T-Systems\",\"isPartOf\":{\"@id\":\"https:\/\/bancostest.advanced-web.dev\/#website\"},\"datePublished\":\"2022-05-05T07:38:04+00:00\",\"dateModified\":\"2026-01-21T08:15:11+00:00\",\"description\":\"BANCOS Evidence is the account records center in partnership with T-Systems: turnkey, secure and cost-effective.\",\"breadcrumb\":{\"@id\":\"https:\/\/bancostest.advanced-web.dev\/en\/services\/bancos-evidence\/#breadcrumb\"},\"inLanguage\":\"en-US\",\"potentialAction\":[{\"@type\":\"ReadAction\",\"target\":[\"https:\/\/bancostest.advanced-web.dev\/en\/services\/bancos-evidence\/\"]}]},{\"@type\":\"BreadcrumbList\",\"@id\":\"https:\/\/bancostest.advanced-web.dev\/en\/services\/bancos-evidence\/#breadcrumb\",\"itemListElement\":[{\"@type\":\"ListItem\",\"position\":1,\"name\":\"Startseite\",\"item\":\"https:\/\/bancostest.advanced-web.dev\/en\/\"},{\"@type\":\"ListItem\",\"position\":2,\"name\":\"Services\",\"item\":\"https:\/\/bancostest.advanced-web.dev\/en\/services\/\"},{\"@type\":\"ListItem\",\"position\":3,\"name\":\"BANCOS. Evidence\"}]},{\"@type\":\"WebSite\",\"@id\":\"https:\/\/bancostest.advanced-web.dev\/#website\",\"url\":\"https:\/\/bancostest.advanced-web.dev\/\",\"name\":\"BANCOS | G&H Bankensoftware AG\",\"description\":\"\",\"publisher\":{\"@id\":\"https:\/\/bancostest.advanced-web.dev\/#organization\"},\"potentialAction\":[{\"@type\":\"SearchAction\",\"target\":{\"@type\":\"EntryPoint\",\"urlTemplate\":\"https:\/\/bancostest.advanced-web.dev\/?s={search_term_string}\"},\"query-input\":{\"@type\":\"PropertyValueSpecification\",\"valueRequired\":true,\"valueName\":\"search_term_string\"}}],\"inLanguage\":\"en-US\"},{\"@type\":\"Organization\",\"@id\":\"https:\/\/bancostest.advanced-web.dev\/#organization\",\"name\":\"BANCOS | G&H Bankensoftware AG\",\"url\":\"https:\/\/bancostest.advanced-web.dev\/\",\"logo\":{\"@type\":\"ImageObject\",\"inLanguage\":\"en-US\",\"@id\":\"https:\/\/bancostest.advanced-web.dev\/#\/schema\/logo\/image\/\",\"url\":\"https:\/\/bancostest.advanced-web.dev\/wp-content\/uploads\/2024\/06\/logo_bancos_color.png\",\"contentUrl\":\"https:\/\/bancostest.advanced-web.dev\/wp-content\/uploads\/2024\/06\/logo_bancos_color.png\",\"width\":945,\"height\":945,\"caption\":\"BANCOS | G&H Bankensoftware AG\"},\"image\":{\"@id\":\"https:\/\/bancostest.advanced-web.dev\/#\/schema\/logo\/image\/\"},\"sameAs\":[\"https:\/\/www.linkedin.com\/company\/bancos-gh-bankensoftware-ag\/\",\"https:\/\/www.youtube.com\/@BANCOS-GH\"],\"description\":\"Die Banking-Software von Bancos bietet ein Kernbankensystem, Workflow-Automatisierungssoftware f\u00fcr Finanzprodukte wie Darlehen und Kreditentscheidungen und mehr.\",\"email\":\"kontakt@bancos.com\",\"telephone\":\"030 8845910\",\"legalName\":\"G & H Bankensoftware AG\",\"foundingDate\":\"2004-09-22\",\"vatID\":\"DE136736732\",\"taxID\":\"DE136736732\",\"numberOfEmployees\":{\"@type\":\"QuantitativeValue\",\"minValue\":\"51\",\"maxValue\":\"200\"}}]}<\/script>\n<!-- \/ Yoast SEO Premium plugin. -->","yoast_head_json":{"title":"The account records center in partnership with T-Systems","description":"BANCOS Evidence is the account records center in partnership with T-Systems: turnkey, secure and cost-effective.","robots":{"index":"noindex","follow":"follow","max-snippet":"max-snippet:-1","max-image-preview":"max-image-preview:large","max-video-preview":"max-video-preview:-1"},"og_locale":"en_US","og_type":"article","og_title":"BANCOS. Evidence","og_description":"BANCOS Evidence is the account records center in partnership with T-Systems: turnkey, secure and cost-effective.","og_url":"https:\/\/bancostest.advanced-web.dev\/en\/services\/bancos-evidence\/","og_site_name":"BANCOS Stage","article_modified_time":"2026-01-21T08:15:11+00:00","og_image":[{"width":1272,"height":1229,"url":"https:\/\/bancostest.advanced-web.dev\/wp-content\/uploads\/2025\/05\/blog-bancos-image.png","type":"image\/png"}],"twitter_card":"summary_large_image","twitter_misc":{"Est. reading time":"2 minutes"},"schema":{"@context":"https:\/\/schema.org","@graph":[{"@type":"WebPage","@id":"https:\/\/bancostest.advanced-web.dev\/en\/services\/bancos-evidence\/","url":"https:\/\/bancostest.advanced-web.dev\/en\/services\/bancos-evidence\/","name":"The account records center in partnership with T-Systems","isPartOf":{"@id":"https:\/\/bancostest.advanced-web.dev\/#website"},"datePublished":"2022-05-05T07:38:04+00:00","dateModified":"2026-01-21T08:15:11+00:00","description":"BANCOS Evidence is the account records center in partnership with T-Systems: turnkey, secure and cost-effective.","breadcrumb":{"@id":"https:\/\/bancostest.advanced-web.dev\/en\/services\/bancos-evidence\/#breadcrumb"},"inLanguage":"en-US","potentialAction":[{"@type":"ReadAction","target":["https:\/\/bancostest.advanced-web.dev\/en\/services\/bancos-evidence\/"]}]},{"@type":"BreadcrumbList","@id":"https:\/\/bancostest.advanced-web.dev\/en\/services\/bancos-evidence\/#breadcrumb","itemListElement":[{"@type":"ListItem","position":1,"name":"Startseite","item":"https:\/\/bancostest.advanced-web.dev\/en\/"},{"@type":"ListItem","position":2,"name":"Services","item":"https:\/\/bancostest.advanced-web.dev\/en\/services\/"},{"@type":"ListItem","position":3,"name":"BANCOS. Evidence"}]},{"@type":"WebSite","@id":"https:\/\/bancostest.advanced-web.dev\/#website","url":"https:\/\/bancostest.advanced-web.dev\/","name":"BANCOS | G&H Bankensoftware AG","description":"","publisher":{"@id":"https:\/\/bancostest.advanced-web.dev\/#organization"},"potentialAction":[{"@type":"SearchAction","target":{"@type":"EntryPoint","urlTemplate":"https:\/\/bancostest.advanced-web.dev\/?s={search_term_string}"},"query-input":{"@type":"PropertyValueSpecification","valueRequired":true,"valueName":"search_term_string"}}],"inLanguage":"en-US"},{"@type":"Organization","@id":"https:\/\/bancostest.advanced-web.dev\/#organization","name":"BANCOS | G&H Bankensoftware AG","url":"https:\/\/bancostest.advanced-web.dev\/","logo":{"@type":"ImageObject","inLanguage":"en-US","@id":"https:\/\/bancostest.advanced-web.dev\/#\/schema\/logo\/image\/","url":"https:\/\/bancostest.advanced-web.dev\/wp-content\/uploads\/2024\/06\/logo_bancos_color.png","contentUrl":"https:\/\/bancostest.advanced-web.dev\/wp-content\/uploads\/2024\/06\/logo_bancos_color.png","width":945,"height":945,"caption":"BANCOS | G&H Bankensoftware AG"},"image":{"@id":"https:\/\/bancostest.advanced-web.dev\/#\/schema\/logo\/image\/"},"sameAs":["https:\/\/www.linkedin.com\/company\/bancos-gh-bankensoftware-ag\/","https:\/\/www.youtube.com\/@BANCOS-GH"],"description":"Die Banking-Software von Bancos bietet ein Kernbankensystem, Workflow-Automatisierungssoftware f\u00fcr Finanzprodukte wie Darlehen und Kreditentscheidungen und mehr.","email":"kontakt@bancos.com","telephone":"030 8845910","legalName":"G & H Bankensoftware AG","foundingDate":"2004-09-22","vatID":"DE136736732","taxID":"DE136736732","numberOfEmployees":{"@type":"QuantitativeValue","minValue":"51","maxValue":"200"}}]}},"_links":{"self":[{"href":"https:\/\/bancostest.advanced-web.dev\/en\/wp-json\/wp\/v2\/pages\/700","targetHints":{"allow":["GET"]}}],"collection":[{"href":"https:\/\/bancostest.advanced-web.dev\/en\/wp-json\/wp\/v2\/pages"}],"about":[{"href":"https:\/\/bancostest.advanced-web.dev\/en\/wp-json\/wp\/v2\/types\/page"}],"author":[{"embeddable":true,"href":"https:\/\/bancostest.advanced-web.dev\/en\/wp-json\/wp\/v2\/users\/3"}],"replies":[{"embeddable":true,"href":"https:\/\/bancostest.advanced-web.dev\/en\/wp-json\/wp\/v2\/comments?post=700"}],"version-history":[{"count":13,"href":"https:\/\/bancostest.advanced-web.dev\/en\/wp-json\/wp\/v2\/pages\/700\/revisions"}],"predecessor-version":[{"id":4320,"href":"https:\/\/bancostest.advanced-web.dev\/en\/wp-json\/wp\/v2\/pages\/700\/revisions\/4320"}],"up":[{"embeddable":true,"href":"https:\/\/bancostest.advanced-web.dev\/en\/wp-json\/wp\/v2\/pages\/698"}],"wp:attachment":[{"href":"https:\/\/bancostest.advanced-web.dev\/en\/wp-json\/wp\/v2\/media?parent=700"}],"curies":[{"name":"wp","href":"https:\/\/api.w.org\/{rel}","templated":true}]}}